{"id":2038,"date":"2018-11-13T10:26:35","date_gmt":"2018-11-13T09:26:35","guid":{"rendered":"https:\/\/prodotto\/pavimentiamoimento-in-legno-prefinito-2-strati-listoncino-rovere-naturale-basic-verniciato-live-satin\/"},"modified":"2024-04-03T22:57:29","modified_gmt":"2024-04-03T20:57:29","slug":"pavimento-in-legno-prefinito-2-strati-listoncino-rovere-naturale-basic-verniciato-live-satin","status":"publish","type":"product","link":"https:\/\/pavimentiamo.it\/en\/product\/pavimento-in-legno-prefinito-2-strati-listoncino-rovere-naturale-basic-verniciato-live-satin\/","title":{"rendered":"NATURAL OAK BASIC LIVE SATIN PAINTED"},"content":{"rendered":"<p>Grazie alla sua particolare costruzione il parquet della linea Prestige e in grado di stupirvi per le diverse e creative soluzioni di posa tra cui lisca di pesce, a correre, scala pioli, dama, diagonale, cassero regolare, cassero regolare multiplo&#8230;<br \/>Prestige is perfect for renovations of offices and private environments and is treated with quality paints.<\/p>","protected":false},"excerpt":{"rendered":"<p>Grazie alla sua particolare costruzione il parquet della linea Prestige e in grado di stupirvi per le diverse e creative soluzioni di posa tra cui lisca di pesce, a correre, scala pioli, dama, diagonale, cassero regolare, cassero regolare multiplo&#8230;Prestige \u00e8 perfetto per ristrutturazioni di uffici e ambienti privati ed \u00e8 trattato con vernici di qualit\u00e0.<\/p>","protected":false},"featured_media":2735,"template":"","meta":[],"product_cat":[174,173],"product_tag":[],"class_list":{"0":"post-2038","1":"product","2":"type-product","3":"status-publish","4":"has-post-thumbnail","6":"Marchi-boen","7":"product_cat-listoncini-prestige","8":"product_cat-pavimenti-legno","9":"product_shipping_class-legno","11":"first","12":"instock","13":"taxable","14":"shipping-taxable","15":"purchasable","16":"product-type-simple"},"_links":{"self":[{"href":"https:\/\/pavimentiamo.it\/en\/wp-json\/wp\/v2\/product\/2038","targetHints":{"allow":["GET"]}}],"collection":[{"href":"https:\/\/pavimentiamo.it\/en\/wp-json\/wp\/v2\/product"}],"about":[{"href":"https:\/\/pavimentiamo.it\/en\/wp-json\/wp\/v2\/types\/product"}],"wp:featuredmedia":[{"embeddable":true,"href":"https:\/\/pavimentiamo.it\/en\/wp-json\/wp\/v2\/media\/2735"}],"wp:attachment":[{"href":"https:\/\/pavimentiamo.it\/en\/wp-json\/wp\/v2\/media?parent=2038"}],"wp:term":[{"taxonomy":"product_cat","embeddable":true,"href":"https:\/\/pavimentiamo.it\/en\/wp-json\/wp\/v2\/product_cat?post=2038"},{"taxonomy":"product_tag","embeddable":true,"href":"https:\/\/pavimentiamo.it\/en\/wp-json\/wp\/v2\/product_tag?post=2038"}],"curies":[{"name":"wp","href":"https:\/\/api.w.org\/{rel}","templated":true}]}}