{"id":2021,"date":"2018-11-13T10:25:26","date_gmt":"2018-11-13T09:25:26","guid":{"rendered":"https:\/\/prodotto\/sottopavimento-per-laminati-e-legno-isoldrum-xps-5\/"},"modified":"2024-04-03T22:55:11","modified_gmt":"2024-04-03T20:55:11","slug":"sottopavimento-per-laminati-e-legno-isoldrum-xps-5","status":"publish","type":"product","link":"https:\/\/pavimentiamo.it\/en\/product\/sottopavimento-per-laminati-e-legno-isoldrum-xps-5\/","title":{"rendered":"UNDERFLOOR FOR LAMINATE AND WOOD ISOLDRUM XPS 5"},"content":{"rendered":"<p>Materassino in XPS,dotatodi goffraturamillerighe, adatto per l\u2019isolamento acustico e termico sottopavimento.<\/p>\n<p>Settori d\u2019impiego<br \/>\nIsolDrum XPS-5 mm \u00e8 particolarmente indicato in caso di sottofondo irregolare, in quanto consente di livellare eventuali piccole asperit\u00e0 e preparare il substrato alla posa di parquet e laminati. Grazie alla sua elevata resistenza termica, \u00e8 inoltre indicato in tutti i casi in cui \u00e8 necessario isolare termicamente il solaio, riducendo l\u2019effetto di \u201cpavimento freddo\u201d.<br \/>\nIl prodotto non \u00e8 idoneo alla posa al di sopra di sistemi per riscaldamento a pavimento.<\/p>","protected":false},"excerpt":{"rendered":"<p>Materassino in XPS,dotatodi goffraturamillerighe, adatto per l\u2019isolamento acustico e termico sottopavimento. Settori d\u2019impiego IsolDrum XPS-5 mm \u00e8 particolarmente indicato in caso di sottofondo irregolare, in quanto consente di livellare eventuali piccole asperit\u00e0 e preparare il substrato alla posa di parquet e laminati. Grazie alla sua elevata resistenza termica, \u00e8 inoltre indicato in tutti i casi [&hellip;]<\/p>","protected":false},"featured_media":1516,"template":"","meta":[],"product_cat":[91,92,154,155],"product_tag":[],"class_list":{"0":"post-2021","1":"product","2":"type-product","3":"status-publish","4":"has-post-thumbnail","6":"Marchi-isolmant","7":"product_cat-accessori","8":"product_cat-sottopavimenti-materassini","9":"product_cat-sottopavimenti-laminati-legno","10":"product_cat-sottopavimenti-lvt-pvc","11":"product_shipping_class-accessori","13":"first","14":"instock","15":"taxable","16":"shipping-taxable","17":"purchasable","18":"product-type-simple"},"_links":{"self":[{"href":"https:\/\/pavimentiamo.it\/en\/wp-json\/wp\/v2\/product\/2021","targetHints":{"allow":["GET"]}}],"collection":[{"href":"https:\/\/pavimentiamo.it\/en\/wp-json\/wp\/v2\/product"}],"about":[{"href":"https:\/\/pavimentiamo.it\/en\/wp-json\/wp\/v2\/types\/product"}],"wp:featuredmedia":[{"embeddable":true,"href":"https:\/\/pavimentiamo.it\/en\/wp-json\/wp\/v2\/media\/1516"}],"wp:attachment":[{"href":"https:\/\/pavimentiamo.it\/en\/wp-json\/wp\/v2\/media?parent=2021"}],"wp:term":[{"taxonomy":"product_cat","embeddable":true,"href":"https:\/\/pavimentiamo.it\/en\/wp-json\/wp\/v2\/product_cat?post=2021"},{"taxonomy":"product_tag","embeddable":true,"href":"https:\/\/pavimentiamo.it\/en\/wp-json\/wp\/v2\/product_tag?post=2021"}],"curies":[{"name":"wp","href":"https:\/\/api.w.org\/{rel}","templated":true}]}}