{"id":2019,"date":"2018-11-13T10:25:26","date_gmt":"2018-11-13T09:25:26","guid":{"rendered":"https:\/\/prodotto\/sottopavimento-per-laminati-e-legno-isoldrum-n\/"},"modified":"2024-07-03T10:27:30","modified_gmt":"2024-07-03T08:27:30","slug":"sottopavimento-per-laminati-e-legno-isoldrum-n","status":"publish","type":"product","link":"https:\/\/pavimentiamo.it\/en\/product\/sottopavimento-per-laminati-e-legno-isoldrum-n\/","title":{"rendered":"SOTTOPAVIMENTO PER LAMINATI E LEGNO ISOLDRUM N"},"content":{"rendered":"<p>FONOASSORBENTE<br \/>\nMaterassino isolante in polietilene di tipo HQPO, ad elevata densit\u00e0, goffrato e serigrafato.<\/p>\n<p>Aree applicazione<\/p>\n<p>IsolDrum N \u00e8 particolarmente indicato per ottenere un elevato comfort acustico interno ai locali. Il prodotto \u00e8 idoneo anche nelle applicazioni con sistema di riscaldamento a pavimento. Verificare che Rt (rivestimento + isolante) \u2264 0,15 m2K\/W.<\/p>\n<p>La ga mma Isolmant Parquet propone solo prodotti con caratteristiche tecniche certificate presso i principali laboratori europei e verificate con misure in opera nella totale salvaguardia dell\u2019 ambiente e della vostra salute.<\/p>","protected":false},"excerpt":{"rendered":"<p>FONOASSORBENTE Materassino isolante in polietilene di tipo HQPO, ad elevata densit\u00e0, goffrato e serigrafato. Aree applicazione IsolDrum N \u00e8 particolarmente indicato per ottenere un elevato comfort acustico interno ai locali. Il prodotto \u00e8 idoneo anche nelle applicazioni con sistema di riscaldamento a pavimento. Verificare che Rt (rivestimento + isolante) \u2264 0,15 m2K\/W. La ga mma [&hellip;]<\/p>","protected":false},"featured_media":1026,"template":"","meta":[],"product_cat":[91,92,154],"product_tag":[],"class_list":{"0":"post-2019","1":"product","2":"type-product","3":"status-publish","4":"has-post-thumbnail","6":"Marchi-isolmant","7":"product_cat-accessori","8":"product_cat-sottopavimenti-materassini","9":"product_cat-sottopavimenti-laminati-legno","10":"product_shipping_class-accessori","12":"first","13":"instock","14":"taxable","15":"shipping-taxable","16":"purchasable","17":"product-type-simple"},"_links":{"self":[{"href":"https:\/\/pavimentiamo.it\/en\/wp-json\/wp\/v2\/product\/2019","targetHints":{"allow":["GET"]}}],"collection":[{"href":"https:\/\/pavimentiamo.it\/en\/wp-json\/wp\/v2\/product"}],"about":[{"href":"https:\/\/pavimentiamo.it\/en\/wp-json\/wp\/v2\/types\/product"}],"wp:featuredmedia":[{"embeddable":true,"href":"https:\/\/pavimentiamo.it\/en\/wp-json\/wp\/v2\/media\/1026"}],"wp:attachment":[{"href":"https:\/\/pavimentiamo.it\/en\/wp-json\/wp\/v2\/media?parent=2019"}],"wp:term":[{"taxonomy":"product_cat","embeddable":true,"href":"https:\/\/pavimentiamo.it\/en\/wp-json\/wp\/v2\/product_cat?post=2019"},{"taxonomy":"product_tag","embeddable":true,"href":"https:\/\/pavimentiamo.it\/en\/wp-json\/wp\/v2\/product_tag?post=2019"}],"curies":[{"name":"wp","href":"https:\/\/api.w.org\/{rel}","templated":true}]}}